{"id":88,"date":"2019-09-03T09:42:04","date_gmt":"2019-09-03T07:42:04","guid":{"rendered":"http:\/\/new.affiliate44.com\/es\/?page_id=88"},"modified":"2019-12-09T14:49:28","modified_gmt":"2019-12-09T13:49:28","slug":"contacto","status":"publish","type":"page","link":"https:\/\/aff44.com\/es\/contacto","title":{"rendered":"Contacto"},"content":{"rendered":"<section class=\"conatiner\">\n<div class=\"row\">\n<div class=\"col-lg-6\">\n<header>\n<h1 class=\"tablet-xl lg-5 mb-4\">Contacto<\/h1>\n<\/header>\n<div class=\"mt-4\">\n<form id=\"contact-form\" class=\"form\"><input id=\"language\" type=\"hidden\" value=\"es\" \/><\/p>\n<div class=\"row\">\n<div class=\"col-sm-6 mb-3\">\n<p><label class=\"form__label mb-2\" for=\"name\">nombre y apellidos<\/label><\/p>\n<div class=\"form__wrapper\"><i class=\"human-icon form__input-icon\"><\/i><br \/>\n<input id=\"name\" class=\"form-control form__input form__input--image\" type=\"text\" \/><\/div>\n<div class=\"form__msg form__msg--error\" data-msg=\"name\"><\/div>\n<\/div>\n<div class=\"col-sm-6 mb-3\">\n<p><label class=\"form__label mb-2\" for=\"email\">direcci\u00f3n electr\u00f3nica<\/label><\/p>\n<div class=\"form__wrapper\"><i class=\"mail-icon form__input-icon\"><\/i><br \/>\n<input id=\"email\" class=\"form-control form__input form__input--image\" type=\"email\" \/><\/div>\n<div class=\"form__msg form__msg--error\" data-msg=\"email\"><\/div>\n<\/div>\n<div class=\"col-sm-6 mb-3\">\n<p><label class=\"form__label mb-2\" for=\"phone\">tel\u00e9fono<\/label><\/p>\n<div class=\"form__wrapper\"><i class=\"phone-icon form__input-icon\"><\/i><br \/>\n<input id=\"phone\" class=\"form-control form__input form__input--image\" type=\"tel\" \/><\/div>\n<div class=\"form__msg form__msg--error\" data-msg=\"phone\"><\/div>\n<\/div>\n<div class=\"col-sm-6 mb-3\">\n<p><label class=\"form__label mb-2\" for=\"subject\">tema<\/label><\/p>\n<div class=\"form__wrapper\"><select id=\"subject\" class=\"form-control form__input\"><option value=\"wydawca-wspolpraca\">Afiliado &#8211; cooperaci\u00f3n<\/option><option value=\"reklamodawca-wspolpraca\">Anunciante &#8211; cooperaci\u00f3n<\/option><option value=\"kampanie\">Campa\u00f1as<\/option><option value=\"problem-techniczny\">Problema t\u00e9cnico<\/option><option value=\"rodo\">RODO<\/option><option value=\"inne\">Otros<\/option><\/select><\/div>\n<div class=\"form__msg form__msg--error\" data-msg=\"subject\"><\/div>\n<\/div>\n<\/div>\n<div class=\"mb-3\">\n<p><label class=\"form__label mb-2\" for=\"message\">mensaje<\/label><\/p>\n<div class=\"form__wrapper\"><\/div>\n<div class=\"form__msg form__msg--error\" data-msg=\"message\"><\/div>\n<\/div>\n<div class=\"mb-3\"><label class=\"mb-0\"><br \/>\n<input id=\"acceptance\" class=\"form__checkbox\" type=\"checkbox\" value=\"1\" \/><\/p>\n<p>Acepto el tratamiento de mis datos personales con el fin de procesar mi consulta.<\/p>\n<p><\/label><\/p>\n<div class=\"form__msg form__msg--error\" data-msg=\"acceptance\"><\/div>\n<\/div>\n<div class=\"mb-3\"><button class=\"a aff-btn aff-btn--center aff-btn--link d-flex mx-auto mx-lg-0\">Env\u00eda el formulario<\/button><\/div>\n<div class=\"form__msg form__msg--error\" data-msg=\"all\"><\/div>\n<\/form>\n<div class=\"form__msg\" data-msg=\"thanks\"><\/div>\n<\/div>\n<\/div>\n<div class=\"col-lg-6 pt-3 contact-text\">\n<div class=\"row\">\n<div class=\"col-12\">\n<h2>\u00bfTe gustar\u00eda convertirse en un afiliado de aff44? \u00danete a nosotros y gana dinero en la promoci\u00f3n de campa\u00f1as financieras!<\/h2>\n<p><a class=\"a aff-btn aff-btn--center aff-btn--link d-flex mt-5 mb-5\" href=\"http:\/\/affiliate44.hasoffers.com\/signup\"><br \/>\nRegistrarse <\/a><\/p>\n<h2 class=\"\">\u00bfQu\u00e9 es lo que vas a ganar al trabajar con Aff44?<\/h2>\n<\/div>\n<div class=\"col-8 col-sm-6 col-lg-7 contact-person-section mt-4\">\n<div class=\"position-relative\">\n<p><img decoding=\"async\" class=\"img-fluid\" src=\"https:\/\/aff44.com\/wp-content\/themes\/affiliate-page\/assets\/images\/m_sikora.png\" alt=\"\" \/><\/p>\n<h3 class=\"person__name text-right\">Marcin Sikora<\/h3>\n<p><strong class=\"person__job\">Chief Sales Officer<\/strong><\/p>\n<\/div>\n<\/div>\n<div class=\"col-12 text-right social-profiles mt-2\"><a class=\"contact__social-link a\" href=\"mailto:m.sikora@loandogroup.com\" target=\"_blank\" rel=\"nofollow noopener noreferrer\"><br \/>\n<i class=\"fas fa-at\"><\/i><br \/>\n<\/a><br \/>\n<a class=\"contact__social-link a\" href=\"https:\/\/www.linkedin.com\/in\/marcin-sikora-252760127\/\" target=\"_blank\" rel=\"nofollow noopener noreferrer\"><br \/>\n<i class=\"fab fa-linkedin-in\"><\/i><br \/>\n<\/a><\/div>\n<\/div>\n<\/div>\n<\/div>\n<\/section>\n","protected":false},"excerpt":{"rendered":"<p>Contacto nombre y apellidos direcci\u00f3n electr\u00f3nica tel\u00e9fono tema Afiliado &#8211; cooperaci\u00f3nAnunciante &#8211; cooperaci\u00f3nCampa\u00f1asProblema t\u00e9cnicoRODOOtros mensaje Acepto el tratamiento de mis datos personales con el fin de procesar mi consulta. Env\u00eda<\/p>\n","protected":false},"author":5,"featured_media":0,"parent":0,"menu_order":0,"comment_status":"closed","ping_status":"closed","template":"page-kontakt.php","meta":{"inline_featured_image":false,"footnotes":""},"class_list":["post-88","page","type-page","status-publish","hentry"],"yoast_head":"<!-- This site is optimized with the Yoast SEO Premium plugin v23.4 (Yoast SEO v27.3) - https:\/\/yoast.com\/product\/yoast-seo-premium-wordpress\/ -->\n<title>Red de afiliaci\u00f3n aff44 - \u00a1cont\u00e1ctanos<\/title>\n<meta name=\"description\" content=\"\u00bfTienes alguna pregunta sobre la cooperaci\u00f3n con la red de afiliados aff44? Cont\u00e1ctanos!\" \/>\n<meta name=\"robots\" content=\"index, follow, max-snippet:-1, max-image-preview:large, max-video-preview:-1\" \/>\n<link rel=\"canonical\" href=\"https:\/\/aff44.com\/es\/contacto\" \/>\n<meta property=\"og:locale\" content=\"es_ES\" \/>\n<meta property=\"og:type\" content=\"article\" \/>\n<meta property=\"og:title\" content=\"Contacto\" \/>\n<meta property=\"og:description\" content=\"\u00bfTienes alguna pregunta sobre la cooperaci\u00f3n con la red de afiliados aff44? Cont\u00e1ctanos!\" \/>\n<meta property=\"og:url\" content=\"https:\/\/aff44.com\/es\/contacto\" \/>\n<meta property=\"og:site_name\" content=\"Hiszpa\u0144ska wersja\" \/>\n<meta property=\"article:modified_time\" content=\"2019-12-09T13:49:28+00:00\" \/>\n<meta property=\"og:image\" content=\"https:\/\/aff44.com\/wp-content\/themes\/affiliate-page\/assets\/images\/m_sikora.png\" \/>\n<meta name=\"twitter:card\" content=\"summary_large_image\" \/>\n<script type=\"application\/ld+json\" class=\"yoast-schema-graph\">{\"@context\":\"https:\\\/\\\/schema.org\",\"@graph\":[{\"@type\":\"WebPage\",\"@id\":\"https:\\\/\\\/aff44.com\\\/es\\\/contacto\",\"url\":\"https:\\\/\\\/aff44.com\\\/es\\\/contacto\",\"name\":\"Red de afiliaci\u00f3n aff44 - \u00a1cont\u00e1ctanos\",\"isPartOf\":{\"@id\":\"https:\\\/\\\/aff44.com\\\/es\\\/#website\"},\"primaryImageOfPage\":{\"@id\":\"https:\\\/\\\/aff44.com\\\/es\\\/contacto#primaryimage\"},\"image\":{\"@id\":\"https:\\\/\\\/aff44.com\\\/es\\\/contacto#primaryimage\"},\"thumbnailUrl\":\"https:\\\/\\\/aff44.com\\\/wp-content\\\/themes\\\/affiliate-page\\\/assets\\\/images\\\/m_sikora.png\",\"datePublished\":\"2019-09-03T07:42:04+00:00\",\"dateModified\":\"2019-12-09T13:49:28+00:00\",\"description\":\"\u00bfTienes alguna pregunta sobre la cooperaci\u00f3n con la red de afiliados aff44? Cont\u00e1ctanos!\",\"breadcrumb\":{\"@id\":\"https:\\\/\\\/aff44.com\\\/es\\\/contacto#breadcrumb\"},\"inLanguage\":\"es\",\"potentialAction\":[{\"@type\":\"ReadAction\",\"target\":[\"https:\\\/\\\/aff44.com\\\/es\\\/contacto\"]}]},{\"@type\":\"ImageObject\",\"inLanguage\":\"es\",\"@id\":\"https:\\\/\\\/aff44.com\\\/es\\\/contacto#primaryimage\",\"url\":\"https:\\\/\\\/aff44.com\\\/wp-content\\\/themes\\\/affiliate-page\\\/assets\\\/images\\\/m_sikora.png\",\"contentUrl\":\"https:\\\/\\\/aff44.com\\\/wp-content\\\/themes\\\/affiliate-page\\\/assets\\\/images\\\/m_sikora.png\"},{\"@type\":\"BreadcrumbList\",\"@id\":\"https:\\\/\\\/aff44.com\\\/es\\\/contacto#breadcrumb\",\"itemListElement\":[{\"@type\":\"ListItem\",\"position\":1,\"name\":\"aff44\",\"item\":\"https:\\\/\\\/aff44.com\\\/es\\\/\"},{\"@type\":\"ListItem\",\"position\":2,\"name\":\"Contacto\"}]},{\"@type\":\"WebSite\",\"@id\":\"https:\\\/\\\/aff44.com\\\/es\\\/#website\",\"url\":\"https:\\\/\\\/aff44.com\\\/es\\\/\",\"name\":\"Hiszpa\u0144ska wersja\",\"description\":\"Kolejna witryna sieci \u201eAffiliate44 Wersje j\u0119zykowe\u201d\",\"potentialAction\":[{\"@type\":\"SearchAction\",\"target\":{\"@type\":\"EntryPoint\",\"urlTemplate\":\"https:\\\/\\\/aff44.com\\\/es\\\/?s={search_term_string}\"},\"query-input\":{\"@type\":\"PropertyValueSpecification\",\"valueRequired\":true,\"valueName\":\"search_term_string\"}}],\"inLanguage\":\"es\"}]}<\/script>\n<!-- \/ Yoast SEO Premium plugin. -->","yoast_head_json":{"title":"Red de afiliaci\u00f3n aff44 - \u00a1cont\u00e1ctanos","description":"\u00bfTienes alguna pregunta sobre la cooperaci\u00f3n con la red de afiliados aff44? Cont\u00e1ctanos!","robots":{"index":"index","follow":"follow","max-snippet":"max-snippet:-1","max-image-preview":"max-image-preview:large","max-video-preview":"max-video-preview:-1"},"canonical":"https:\/\/aff44.com\/es\/contacto","og_locale":"es_ES","og_type":"article","og_title":"Contacto","og_description":"\u00bfTienes alguna pregunta sobre la cooperaci\u00f3n con la red de afiliados aff44? Cont\u00e1ctanos!","og_url":"https:\/\/aff44.com\/es\/contacto","og_site_name":"Hiszpa\u0144ska wersja","article_modified_time":"2019-12-09T13:49:28+00:00","og_image":[{"url":"https:\/\/aff44.com\/wp-content\/themes\/affiliate-page\/assets\/images\/m_sikora.png","type":"","width":"","height":""}],"twitter_card":"summary_large_image","schema":{"@context":"https:\/\/schema.org","@graph":[{"@type":"WebPage","@id":"https:\/\/aff44.com\/es\/contacto","url":"https:\/\/aff44.com\/es\/contacto","name":"Red de afiliaci\u00f3n aff44 - \u00a1cont\u00e1ctanos","isPartOf":{"@id":"https:\/\/aff44.com\/es\/#website"},"primaryImageOfPage":{"@id":"https:\/\/aff44.com\/es\/contacto#primaryimage"},"image":{"@id":"https:\/\/aff44.com\/es\/contacto#primaryimage"},"thumbnailUrl":"https:\/\/aff44.com\/wp-content\/themes\/affiliate-page\/assets\/images\/m_sikora.png","datePublished":"2019-09-03T07:42:04+00:00","dateModified":"2019-12-09T13:49:28+00:00","description":"\u00bfTienes alguna pregunta sobre la cooperaci\u00f3n con la red de afiliados aff44? Cont\u00e1ctanos!","breadcrumb":{"@id":"https:\/\/aff44.com\/es\/contacto#breadcrumb"},"inLanguage":"es","potentialAction":[{"@type":"ReadAction","target":["https:\/\/aff44.com\/es\/contacto"]}]},{"@type":"ImageObject","inLanguage":"es","@id":"https:\/\/aff44.com\/es\/contacto#primaryimage","url":"https:\/\/aff44.com\/wp-content\/themes\/affiliate-page\/assets\/images\/m_sikora.png","contentUrl":"https:\/\/aff44.com\/wp-content\/themes\/affiliate-page\/assets\/images\/m_sikora.png"},{"@type":"BreadcrumbList","@id":"https:\/\/aff44.com\/es\/contacto#breadcrumb","itemListElement":[{"@type":"ListItem","position":1,"name":"aff44","item":"https:\/\/aff44.com\/es\/"},{"@type":"ListItem","position":2,"name":"Contacto"}]},{"@type":"WebSite","@id":"https:\/\/aff44.com\/es\/#website","url":"https:\/\/aff44.com\/es\/","name":"Hiszpa\u0144ska wersja","description":"Kolejna witryna sieci \u201eAffiliate44 Wersje j\u0119zykowe\u201d","potentialAction":[{"@type":"SearchAction","target":{"@type":"EntryPoint","urlTemplate":"https:\/\/aff44.com\/es\/?s={search_term_string}"},"query-input":{"@type":"PropertyValueSpecification","valueRequired":true,"valueName":"search_term_string"}}],"inLanguage":"es"}]}},"_links":{"self":[{"href":"https:\/\/aff44.com\/es\/wp-json\/wp\/v2\/pages\/88","targetHints":{"allow":["GET"]}}],"collection":[{"href":"https:\/\/aff44.com\/es\/wp-json\/wp\/v2\/pages"}],"about":[{"href":"https:\/\/aff44.com\/es\/wp-json\/wp\/v2\/types\/page"}],"author":[{"embeddable":true,"href":"https:\/\/aff44.com\/es\/wp-json\/wp\/v2\/users\/5"}],"replies":[{"embeddable":true,"href":"https:\/\/aff44.com\/es\/wp-json\/wp\/v2\/comments?post=88"}],"version-history":[{"count":36,"href":"https:\/\/aff44.com\/es\/wp-json\/wp\/v2\/pages\/88\/revisions"}],"predecessor-version":[{"id":288,"href":"https:\/\/aff44.com\/es\/wp-json\/wp\/v2\/pages\/88\/revisions\/288"}],"wp:attachment":[{"href":"https:\/\/aff44.com\/es\/wp-json\/wp\/v2\/media?parent=88"}],"curies":[{"name":"wp","href":"https:\/\/api.w.org\/{rel}","templated":true}]}}