{"id":86,"date":"2019-09-03T09:41:44","date_gmt":"2019-09-03T07:41:44","guid":{"rendered":"http:\/\/new.affiliate44.com\/es\/?page_id=86"},"modified":"2020-06-30T09:47:18","modified_gmt":"2020-06-30T07:47:18","slug":"sobre-nosotros","status":"publish","type":"page","link":"https:\/\/aff44.com\/es\/sobre-nosotros","title":{"rendered":"Sobre nosotros"},"content":{"rendered":"<section class=\"section\">\n<div class=\"container px-mobile-60\">\n<div class=\"row mb-3 justify-content-center\">\n<div class=\"col-lg-8\">\n<div class=\"header\">\n<h1 class=\"header__h2\">aff44 es una de las redes de afiliaci\u00f3n m\u00e1s grandes de la industria financiera.<\/h1>\n<\/div>\n<\/div>\n<\/div>\n<div class=\"row\">\n<div class=\"col-lg-8 align-self-center\">\n<p class=\"p\">Somos parte del <a class=\"a\" href=\"https:\/\/loandogroup.com\/\">Grupo LOANDO<\/a>. Estamos presentes en el mercado desde el a\u00f1o 2015 y a partir de entonces hemos ido mejorando constantemente nuestras operaciones. Tenemos m\u00e1s de 100 campa\u00f1as disponibles en el mercado polaco, pero no nos limitamos a eso. Nuestra oferta incluye tambi\u00e9n campa\u00f1as para los mercados espa\u00f1ol, checo, ucraniano, ruso y rumano.<\/p>\n<\/div>\n<div class=\"col-md-4\"><img decoding=\"async\" class=\"img-fluid\" src=\"https:\/\/aff44.com\/es\/wp-content\/themes\/affiliate-page\/assets\/images\/about\/o-nas-1.png\" alt=\"\" \/><\/div>\n<\/div>\n<div class=\"row\">\n<div class=\"col-md-4\"><img decoding=\"async\" class=\"img-fluid\" src=\"https:\/\/aff44.com\/es\/wp-content\/themes\/affiliate-page\/assets\/images\/about\/o-nas-2.png\" alt=\"\" \/><\/div>\n<div class=\"col-lg-8 align-self-center\">\n<p class=\"p\">Nos especializamos en pr\u00e9stamos no bancarios, en nuestra oferta encontrar\u00e1s tanto pr\u00e9stamos temporales, como pr\u00e9stamos a plazos y pr\u00e9stamos para empresas. Sin embargo, seguimos ampliando nuestra oferta con otros productos financieros, como tarjetas de cr\u00e9dito, cuentas bancarias o factoraje.<\/p>\n<\/div>\n<\/div>\n<div class=\"row\">\n<div class=\"col-lg-8 align-self-center\">\n<p class=\"p\">Nuestro equipo est\u00e1 formado por personas con experiencia en marketing de resultados. Trabajamos individualmente con cada cliente y le asesoramos sobre c\u00f3mo ganar dinero en la afiliaci\u00f3n y qu\u00e9 hacer para que las actividades del programa de afiliados produzcan resultados tangibles.<\/p>\n<\/div>\n<div class=\"col-md-4\"><img decoding=\"async\" class=\"img-fluid\" src=\"https:\/\/aff44.com\/es\/wp-content\/themes\/affiliate-page\/assets\/images\/about\/o-nas-3.png\" alt=\"\" \/><\/div>\n<\/div>\n<\/div>\n<\/section>\n<section class=\"section\">\n<div class=\"container container--edit\">\n<div class=\"header\">\n<h2 class=\"header__h2\">Conoce al equipo AFF44!<\/h2>\n<\/div>\n<div class=\"about-us\">\n<article class=\"person\">\n<header class=\"person__info\"><img decoding=\"async\" class=\"person__img\" src=\"https:\/\/aff44.com\/es\/wp-content\/themes\/affiliate-page\/assets\/images\/Aff44_Rafal_s.jpg\" alt=\"\" \/><\/p>\n<h3 class=\"person__name\">Rafa\u0142 Szunejko<\/h3>\n<p><strong class=\"person__job\">Head of Affiliate Marketing<\/strong><\/p>\n<\/header>\n<div class=\"person__desc\">\n<p class=\"person__text p\">Supervisa el funcionamiento de la red, es responsable de establecer relaciones con los socios comerciales y de conectar a nuevos socios. Es encargado del funcionamiento de la red y las campa\u00f1as publicitarias. Dirige el equipo de Gerentes de Cuentas , implementa nuevas soluciones t\u00e9cnicas y desarrolla las ya existentes. En privado, es un amante de la literatura, especialmente de las novelas polic\u00edacas y de los videojuegos.<\/p>\n<div class=\"person__sm\"><a class=\"person__sm-link\" href=\"mailto:r.szunejko@aff44.com\" target=\"blank\" rel=\"noopener noreferrer\"><br \/>\n<i class=\"fas fa-at\"><\/i><br \/>\n<\/a><br \/>\n<a class=\"person__sm-link\" href=\"https:\/\/www.linkedin.com\/in\/rafa%C5%82-szunejko-6406a544\/\" target=\"blank\" rel=\"noopener noreferrer\"><br \/>\n<i class=\"fab fa-linkedin\"><\/i><br \/>\n<\/a><\/div>\n<\/div>\n<\/article>\n<article class=\"person\">\n<header class=\"person__info\"><img decoding=\"async\" class=\"person__img\" src=\"https:\/\/aff44.com\/es\/wp-content\/themes\/affiliate-page\/assets\/images\/Aff44_Michal_s.jpg\" alt=\"\" \/><\/p>\n<h3 class=\"person__name\">Micha\u0142 Krawiel<\/h3>\n<p><strong class=\"person__job\">Senior Account Manager<\/strong><\/p>\n<\/header>\n<div class=\"person__desc\">\n<p class=\"person__text p\">Como Gerente Superior de Cuentas, se encarga de prestar servicios a clientes clave de la red. Antes de unirse a Loando, trabaj\u00f3, entre otros, como afiliado y creador de sitios web. En su tiempo libre lee c\u00f3mics americanos, libros period\u00edsticos, juega durante horas tanto en la consola como con su perro. Un patriota local enamorado de la regi\u00f3n de Warmia.<\/p>\n<div class=\"person__sm\"><a class=\"person__sm-link\" href=\"https:\/\/www.messenger.com\/t\/krawiel\" target=\"blank\" rel=\"noopener noreferrer\"><br \/>\n<i class=\"fab fa-facebook-messenger\"><\/i><br \/>\n<\/a><br \/>\n<a class=\"person__sm-link\" href=\"mailto:m.krawiel@aff44.com\" target=\"blank\" rel=\"noopener noreferrer\"><br \/>\n<i class=\"fas fa-at\"><\/i><br \/>\n<\/a><br \/>\n<a class=\"person__sm-link\" href=\"https:\/\/www.linkedin.com\/in\/micha%C5%82-krawiel-5002a466\/\" target=\"blank\" rel=\"noopener noreferrer\"><br \/>\n<i class=\"fab fa-linkedin\"><\/i><br \/>\n<\/a><\/div>\n<\/div>\n<\/article>\n<\/div>\n<\/div>\n<\/section>\n","protected":false},"excerpt":{"rendered":"<p>aff44 es una de las redes de afiliaci\u00f3n m\u00e1s grandes de la industria financiera. Somos parte del Grupo LOANDO. Estamos presentes en el mercado desde el a\u00f1o 2015 y a<\/p>\n","protected":false},"author":5,"featured_media":0,"parent":0,"menu_order":0,"comment_status":"closed","ping_status":"closed","template":"page-o-nas.php","meta":{"inline_featured_image":false,"footnotes":""},"class_list":["post-86","page","type-page","status-publish","hentry"],"yoast_head":"<!-- This site is optimized with the Yoast SEO Premium plugin v23.4 (Yoast SEO v27.3) - https:\/\/yoast.com\/product\/yoast-seo-premium-wordpress\/ -->\n<title>Red de afiliaci\u00f3n aff44 - \u00a1con\u00f3cenos!<\/title>\n<meta name=\"description\" content=\"Red de afiliaci\u00f3n aff44 es ante todo la gente que lo crea. Conoce al equipo aff44 y averigua d\u00f3nde encontrarnos!\" \/>\n<meta name=\"robots\" content=\"index, follow, max-snippet:-1, max-image-preview:large, max-video-preview:-1\" \/>\n<link rel=\"canonical\" href=\"https:\/\/aff44.com\/es\/sobre-nosotros\" \/>\n<meta property=\"og:locale\" content=\"es_ES\" \/>\n<meta property=\"og:type\" content=\"article\" \/>\n<meta property=\"og:title\" content=\"Sobre nosotros\" \/>\n<meta property=\"og:description\" content=\"Red de afiliaci\u00f3n aff44 es ante todo la gente que lo crea. Conoce al equipo aff44 y averigua d\u00f3nde encontrarnos!\" \/>\n<meta property=\"og:url\" content=\"https:\/\/aff44.com\/es\/sobre-nosotros\" \/>\n<meta property=\"og:site_name\" content=\"Hiszpa\u0144ska wersja\" \/>\n<meta property=\"article:modified_time\" content=\"2020-06-30T07:47:18+00:00\" \/>\n<meta property=\"og:image\" content=\"https:\/\/aff44.com\/es\/wp-content\/themes\/affiliate-page\/assets\/images\/about\/o-nas-1.png\" \/>\n<meta name=\"twitter:card\" content=\"summary_large_image\" \/>\n<meta name=\"twitter:label1\" content=\"Tiempo de lectura\" \/>\n\t<meta name=\"twitter:data1\" content=\"2 minutos\" \/>\n<script type=\"application\/ld+json\" class=\"yoast-schema-graph\">{\"@context\":\"https:\\\/\\\/schema.org\",\"@graph\":[{\"@type\":\"WebPage\",\"@id\":\"https:\\\/\\\/aff44.com\\\/es\\\/sobre-nosotros\",\"url\":\"https:\\\/\\\/aff44.com\\\/es\\\/sobre-nosotros\",\"name\":\"Red de afiliaci\u00f3n aff44 - \u00a1con\u00f3cenos!\",\"isPartOf\":{\"@id\":\"https:\\\/\\\/aff44.com\\\/es\\\/#website\"},\"primaryImageOfPage\":{\"@id\":\"https:\\\/\\\/aff44.com\\\/es\\\/sobre-nosotros#primaryimage\"},\"image\":{\"@id\":\"https:\\\/\\\/aff44.com\\\/es\\\/sobre-nosotros#primaryimage\"},\"thumbnailUrl\":\"https:\\\/\\\/aff44.com\\\/es\\\/wp-content\\\/themes\\\/affiliate-page\\\/assets\\\/images\\\/about\\\/o-nas-1.png\",\"datePublished\":\"2019-09-03T07:41:44+00:00\",\"dateModified\":\"2020-06-30T07:47:18+00:00\",\"description\":\"Red de afiliaci\u00f3n aff44 es ante todo la gente que lo crea. Conoce al equipo aff44 y averigua d\u00f3nde encontrarnos!\",\"breadcrumb\":{\"@id\":\"https:\\\/\\\/aff44.com\\\/es\\\/sobre-nosotros#breadcrumb\"},\"inLanguage\":\"es\",\"potentialAction\":[{\"@type\":\"ReadAction\",\"target\":[\"https:\\\/\\\/aff44.com\\\/es\\\/sobre-nosotros\"]}]},{\"@type\":\"ImageObject\",\"inLanguage\":\"es\",\"@id\":\"https:\\\/\\\/aff44.com\\\/es\\\/sobre-nosotros#primaryimage\",\"url\":\"https:\\\/\\\/aff44.com\\\/es\\\/wp-content\\\/themes\\\/affiliate-page\\\/assets\\\/images\\\/about\\\/o-nas-1.png\",\"contentUrl\":\"https:\\\/\\\/aff44.com\\\/es\\\/wp-content\\\/themes\\\/affiliate-page\\\/assets\\\/images\\\/about\\\/o-nas-1.png\"},{\"@type\":\"BreadcrumbList\",\"@id\":\"https:\\\/\\\/aff44.com\\\/es\\\/sobre-nosotros#breadcrumb\",\"itemListElement\":[{\"@type\":\"ListItem\",\"position\":1,\"name\":\"aff44\",\"item\":\"https:\\\/\\\/aff44.com\\\/es\\\/\"},{\"@type\":\"ListItem\",\"position\":2,\"name\":\"Sobre nosotros\"}]},{\"@type\":\"WebSite\",\"@id\":\"https:\\\/\\\/aff44.com\\\/es\\\/#website\",\"url\":\"https:\\\/\\\/aff44.com\\\/es\\\/\",\"name\":\"Hiszpa\u0144ska wersja\",\"description\":\"Kolejna witryna sieci \u201eAffiliate44 Wersje j\u0119zykowe\u201d\",\"potentialAction\":[{\"@type\":\"SearchAction\",\"target\":{\"@type\":\"EntryPoint\",\"urlTemplate\":\"https:\\\/\\\/aff44.com\\\/es\\\/?s={search_term_string}\"},\"query-input\":{\"@type\":\"PropertyValueSpecification\",\"valueRequired\":true,\"valueName\":\"search_term_string\"}}],\"inLanguage\":\"es\"}]}<\/script>\n<!-- \/ Yoast SEO Premium plugin. -->","yoast_head_json":{"title":"Red de afiliaci\u00f3n aff44 - \u00a1con\u00f3cenos!","description":"Red de afiliaci\u00f3n aff44 es ante todo la gente que lo crea. Conoce al equipo aff44 y averigua d\u00f3nde encontrarnos!","robots":{"index":"index","follow":"follow","max-snippet":"max-snippet:-1","max-image-preview":"max-image-preview:large","max-video-preview":"max-video-preview:-1"},"canonical":"https:\/\/aff44.com\/es\/sobre-nosotros","og_locale":"es_ES","og_type":"article","og_title":"Sobre nosotros","og_description":"Red de afiliaci\u00f3n aff44 es ante todo la gente que lo crea. Conoce al equipo aff44 y averigua d\u00f3nde encontrarnos!","og_url":"https:\/\/aff44.com\/es\/sobre-nosotros","og_site_name":"Hiszpa\u0144ska wersja","article_modified_time":"2020-06-30T07:47:18+00:00","og_image":[{"url":"https:\/\/aff44.com\/es\/wp-content\/themes\/affiliate-page\/assets\/images\/about\/o-nas-1.png","type":"","width":"","height":""}],"twitter_card":"summary_large_image","twitter_misc":{"Tiempo de lectura":"2 minutos"},"schema":{"@context":"https:\/\/schema.org","@graph":[{"@type":"WebPage","@id":"https:\/\/aff44.com\/es\/sobre-nosotros","url":"https:\/\/aff44.com\/es\/sobre-nosotros","name":"Red de afiliaci\u00f3n aff44 - \u00a1con\u00f3cenos!","isPartOf":{"@id":"https:\/\/aff44.com\/es\/#website"},"primaryImageOfPage":{"@id":"https:\/\/aff44.com\/es\/sobre-nosotros#primaryimage"},"image":{"@id":"https:\/\/aff44.com\/es\/sobre-nosotros#primaryimage"},"thumbnailUrl":"https:\/\/aff44.com\/es\/wp-content\/themes\/affiliate-page\/assets\/images\/about\/o-nas-1.png","datePublished":"2019-09-03T07:41:44+00:00","dateModified":"2020-06-30T07:47:18+00:00","description":"Red de afiliaci\u00f3n aff44 es ante todo la gente que lo crea. Conoce al equipo aff44 y averigua d\u00f3nde encontrarnos!","breadcrumb":{"@id":"https:\/\/aff44.com\/es\/sobre-nosotros#breadcrumb"},"inLanguage":"es","potentialAction":[{"@type":"ReadAction","target":["https:\/\/aff44.com\/es\/sobre-nosotros"]}]},{"@type":"ImageObject","inLanguage":"es","@id":"https:\/\/aff44.com\/es\/sobre-nosotros#primaryimage","url":"https:\/\/aff44.com\/es\/wp-content\/themes\/affiliate-page\/assets\/images\/about\/o-nas-1.png","contentUrl":"https:\/\/aff44.com\/es\/wp-content\/themes\/affiliate-page\/assets\/images\/about\/o-nas-1.png"},{"@type":"BreadcrumbList","@id":"https:\/\/aff44.com\/es\/sobre-nosotros#breadcrumb","itemListElement":[{"@type":"ListItem","position":1,"name":"aff44","item":"https:\/\/aff44.com\/es\/"},{"@type":"ListItem","position":2,"name":"Sobre nosotros"}]},{"@type":"WebSite","@id":"https:\/\/aff44.com\/es\/#website","url":"https:\/\/aff44.com\/es\/","name":"Hiszpa\u0144ska wersja","description":"Kolejna witryna sieci \u201eAffiliate44 Wersje j\u0119zykowe\u201d","potentialAction":[{"@type":"SearchAction","target":{"@type":"EntryPoint","urlTemplate":"https:\/\/aff44.com\/es\/?s={search_term_string}"},"query-input":{"@type":"PropertyValueSpecification","valueRequired":true,"valueName":"search_term_string"}}],"inLanguage":"es"}]}},"_links":{"self":[{"href":"https:\/\/aff44.com\/es\/wp-json\/wp\/v2\/pages\/86","targetHints":{"allow":["GET"]}}],"collection":[{"href":"https:\/\/aff44.com\/es\/wp-json\/wp\/v2\/pages"}],"about":[{"href":"https:\/\/aff44.com\/es\/wp-json\/wp\/v2\/types\/page"}],"author":[{"embeddable":true,"href":"https:\/\/aff44.com\/es\/wp-json\/wp\/v2\/users\/5"}],"replies":[{"embeddable":true,"href":"https:\/\/aff44.com\/es\/wp-json\/wp\/v2\/comments?post=86"}],"version-history":[{"count":9,"href":"https:\/\/aff44.com\/es\/wp-json\/wp\/v2\/pages\/86\/revisions"}],"predecessor-version":[{"id":311,"href":"https:\/\/aff44.com\/es\/wp-json\/wp\/v2\/pages\/86\/revisions\/311"}],"wp:attachment":[{"href":"https:\/\/aff44.com\/es\/wp-json\/wp\/v2\/media?parent=86"}],"curies":[{"name":"wp","href":"https:\/\/api.w.org\/{rel}","templated":true}]}}