{"id":76,"date":"2019-09-03T09:35:25","date_gmt":"2019-09-03T07:35:25","guid":{"rendered":"http:\/\/new.affiliate44.com\/es\/?page_id=76"},"modified":"2020-01-27T11:16:22","modified_gmt":"2020-01-27T10:16:22","slug":"pagina-de-inicio","status":"publish","type":"page","link":"https:\/\/aff44.com\/es\/","title":{"rendered":"P\u00e1gina de inicio"},"content":{"rendered":"","protected":false},"excerpt":{"rendered":"","protected":false},"author":5,"featured_media":0,"parent":0,"menu_order":0,"comment_status":"closed","ping_status":"closed","template":"page-glowna.php","meta":{"inline_featured_image":false,"footnotes":""},"class_list":["post-76","page","type-page","status-publish","hentry"],"yoast_head":"<!-- This site is optimized with the Yoast SEO Premium plugin v23.4 (Yoast SEO v27.3) - https:\/\/yoast.com\/product\/yoast-seo-premium-wordpress\/ -->\n<title>aff44 - la mejor red de afiliaci\u00f3n<\/title>\n<meta name=\"description\" content=\"\u00bfTrabajas en marketing de resultados? \u00danete a la red de afiliaci\u00f3n aff44 y gana dinero en l\u00ednea en campa\u00f1as financieras!\" \/>\n<meta name=\"robots\" content=\"index, follow, max-snippet:-1, max-image-preview:large, max-video-preview:-1\" \/>\n<link rel=\"canonical\" href=\"https:\/\/aff44.com\/es\" \/>\n<meta property=\"og:locale\" content=\"es_ES\" \/>\n<meta property=\"og:type\" content=\"article\" \/>\n<meta property=\"og:title\" content=\"P\u00e1gina de inicio\" \/>\n<meta property=\"og:description\" content=\"\u00bfTrabajas en marketing de resultados? \u00danete a la red de afiliaci\u00f3n aff44 y gana dinero en l\u00ednea en campa\u00f1as financieras!\" \/>\n<meta property=\"og:url\" content=\"https:\/\/aff44.com\/es\" \/>\n<meta property=\"og:site_name\" content=\"Hiszpa\u0144ska wersja\" \/>\n<meta property=\"article:modified_time\" content=\"2020-01-27T10:16:22+00:00\" \/>\n<meta name=\"twitter:card\" content=\"summary_large_image\" \/>\n<script type=\"application\/ld+json\" class=\"yoast-schema-graph\">{\"@context\":\"https:\\\/\\\/schema.org\",\"@graph\":[{\"@type\":\"WebPage\",\"@id\":\"https:\\\/\\\/aff44.com\\\/es\\\/\",\"url\":\"https:\\\/\\\/aff44.com\\\/es\",\"name\":\"aff44 - la mejor red de afiliaci\u00f3n\",\"isPartOf\":{\"@id\":\"https:\\\/\\\/aff44.com\\\/es\\\/#website\"},\"datePublished\":\"2019-09-03T07:35:25+00:00\",\"dateModified\":\"2020-01-27T10:16:22+00:00\",\"description\":\"\u00bfTrabajas en marketing de resultados? \u00danete a la red de afiliaci\u00f3n aff44 y gana dinero en l\u00ednea en campa\u00f1as financieras!\",\"breadcrumb\":{\"@id\":\"https:\\\/\\\/aff44.com\\\/es#breadcrumb\"},\"inLanguage\":\"es\",\"potentialAction\":[{\"@type\":\"ReadAction\",\"target\":[\"https:\\\/\\\/aff44.com\\\/es\"]}]},{\"@type\":\"BreadcrumbList\",\"@id\":\"https:\\\/\\\/aff44.com\\\/es#breadcrumb\",\"itemListElement\":[{\"@type\":\"ListItem\",\"position\":1,\"name\":\"aff44\",\"item\":\"https:\\\/\\\/aff44.com\\\/es\\\/\"},{\"@type\":\"ListItem\",\"position\":2,\"name\":\"P\u00e1gina de inicio\"}]},{\"@type\":\"WebSite\",\"@id\":\"https:\\\/\\\/aff44.com\\\/es\\\/#website\",\"url\":\"https:\\\/\\\/aff44.com\\\/es\\\/\",\"name\":\"Hiszpa\u0144ska wersja\",\"description\":\"Kolejna witryna sieci \u201eAffiliate44 Wersje j\u0119zykowe\u201d\",\"potentialAction\":[{\"@type\":\"SearchAction\",\"target\":{\"@type\":\"EntryPoint\",\"urlTemplate\":\"https:\\\/\\\/aff44.com\\\/es\\\/?s={search_term_string}\"},\"query-input\":{\"@type\":\"PropertyValueSpecification\",\"valueRequired\":true,\"valueName\":\"search_term_string\"}}],\"inLanguage\":\"es\"}]}<\/script>\n<!-- \/ Yoast SEO Premium plugin. -->","yoast_head_json":{"title":"aff44 - la mejor red de afiliaci\u00f3n","description":"\u00bfTrabajas en marketing de resultados? \u00danete a la red de afiliaci\u00f3n aff44 y gana dinero en l\u00ednea en campa\u00f1as financieras!","robots":{"index":"index","follow":"follow","max-snippet":"max-snippet:-1","max-image-preview":"max-image-preview:large","max-video-preview":"max-video-preview:-1"},"canonical":"https:\/\/aff44.com\/es","og_locale":"es_ES","og_type":"article","og_title":"P\u00e1gina de inicio","og_description":"\u00bfTrabajas en marketing de resultados? \u00danete a la red de afiliaci\u00f3n aff44 y gana dinero en l\u00ednea en campa\u00f1as financieras!","og_url":"https:\/\/aff44.com\/es","og_site_name":"Hiszpa\u0144ska wersja","article_modified_time":"2020-01-27T10:16:22+00:00","twitter_card":"summary_large_image","schema":{"@context":"https:\/\/schema.org","@graph":[{"@type":"WebPage","@id":"https:\/\/aff44.com\/es\/","url":"https:\/\/aff44.com\/es","name":"aff44 - la mejor red de afiliaci\u00f3n","isPartOf":{"@id":"https:\/\/aff44.com\/es\/#website"},"datePublished":"2019-09-03T07:35:25+00:00","dateModified":"2020-01-27T10:16:22+00:00","description":"\u00bfTrabajas en marketing de resultados? \u00danete a la red de afiliaci\u00f3n aff44 y gana dinero en l\u00ednea en campa\u00f1as financieras!","breadcrumb":{"@id":"https:\/\/aff44.com\/es#breadcrumb"},"inLanguage":"es","potentialAction":[{"@type":"ReadAction","target":["https:\/\/aff44.com\/es"]}]},{"@type":"BreadcrumbList","@id":"https:\/\/aff44.com\/es#breadcrumb","itemListElement":[{"@type":"ListItem","position":1,"name":"aff44","item":"https:\/\/aff44.com\/es\/"},{"@type":"ListItem","position":2,"name":"P\u00e1gina de inicio"}]},{"@type":"WebSite","@id":"https:\/\/aff44.com\/es\/#website","url":"https:\/\/aff44.com\/es\/","name":"Hiszpa\u0144ska wersja","description":"Kolejna witryna sieci \u201eAffiliate44 Wersje j\u0119zykowe\u201d","potentialAction":[{"@type":"SearchAction","target":{"@type":"EntryPoint","urlTemplate":"https:\/\/aff44.com\/es\/?s={search_term_string}"},"query-input":{"@type":"PropertyValueSpecification","valueRequired":true,"valueName":"search_term_string"}}],"inLanguage":"es"}]}},"_links":{"self":[{"href":"https:\/\/aff44.com\/es\/wp-json\/wp\/v2\/pages\/76","targetHints":{"allow":["GET"]}}],"collection":[{"href":"https:\/\/aff44.com\/es\/wp-json\/wp\/v2\/pages"}],"about":[{"href":"https:\/\/aff44.com\/es\/wp-json\/wp\/v2\/types\/page"}],"author":[{"embeddable":true,"href":"https:\/\/aff44.com\/es\/wp-json\/wp\/v2\/users\/5"}],"replies":[{"embeddable":true,"href":"https:\/\/aff44.com\/es\/wp-json\/wp\/v2\/comments?post=76"}],"version-history":[{"count":3,"href":"https:\/\/aff44.com\/es\/wp-json\/wp\/v2\/pages\/76\/revisions"}],"predecessor-version":[{"id":223,"href":"https:\/\/aff44.com\/es\/wp-json\/wp\/v2\/pages\/76\/revisions\/223"}],"wp:attachment":[{"href":"https:\/\/aff44.com\/es\/wp-json\/wp\/v2\/media?parent=76"}],"curies":[{"name":"wp","href":"https:\/\/api.w.org\/{rel}","templated":true}]}}